{"id":511,"date":"2025-08-15T09:39:10","date_gmt":"2025-08-15T08:39:10","guid":{"rendered":"https:\/\/staging.microlabhard.com\/juanetsthebarber\/especialitats\/"},"modified":"2025-09-05T13:38:50","modified_gmt":"2025-09-05T12:38:50","slug":"especialitats","status":"publish","type":"page","link":"https:\/\/juanetsthebarber.es\/ca\/especialitats\/","title":{"rendered":"Especialitats"},"content":{"rendered":"<div class=\"wpb-content-wrapper\"><p>[vc_section full_width=&#8221;stretch_row&#8221; css=&#8221;.vc_custom_1755360459510{padding-top: 80px !important;padding-bottom: 50px !important;}&#8221; conditional_render=&#8221;%5B%7B%22value_role%22%3A%22administrator%22%7D%5D&#8221; css_params=&#8221;&#8221;][vc_row gap=&#8221;35&#8243; conditional_render=&#8221;%5B%7B%22value_role%22%3A%22administrator%22%7D%5D&#8221; css_params=&#8221;&#8221;][vc_column width=&#8221;1\/6&#8243;][\/vc_column][vc_column width=&#8221;4\/6&#8243;][vc_custom_heading text=&#8221;Juanets The Barber&#8221; font_container=&#8221;tag:h2|font_size:4em|text_align:center|color:%230a0a0a|line_height:1em&#8221; use_theme_fonts=&#8221;yes&#8221; css=&#8221;.vc_custom_1755248981732{margin-bottom: 15px !important;}&#8221; text_transform=&#8221;text-uppercase&#8221; css_params=&#8221;&#8221;][vc_custom_heading text=&#8221;On el look es converteix en llegenda&#8221; font_container=&#8221;tag:h3|text_align:center|color:var(&#8211;porto-secondary-color)&#8221; use_theme_fonts=&#8221;yes&#8221; text_transform=&#8221;text-uppercase&#8221; css_params=&#8221;&#8221;][vc_column_text css=&#8221;.vc_custom_1755360411555{margin-bottom: 40px !important;}&#8221; css_params=&#8221;&#8221;]<\/p>\n<p style=\"text-align: center;\">A Juanets The Barber, cada servei \u00e9s una experi\u00e8ncia de cura personal pensada per ressaltar el teu estil i projectar la millor versi\u00f3 de tu. No nom\u00e9s treballem amb t\u00e8cnica i precisi\u00f3: escoltem, assessorem i adaptem cada detall perqu\u00e8 el resultat sigui exactament el que busques.<\/p>\n<p>[\/vc_column_text][vc_btn title=&#8221;Demanar cita&#8221; align=&#8221;center&#8221; link=&#8221;url:http%3A%2F%2Fjuanetsthebarber.booksy.com|target:_blank|&#8221; el_class=&#8221;mlh_btn_inv&#8221; css_params=&#8221;&#8221;][\/vc_column][vc_column width=&#8221;1\/6&#8243;][\/vc_column][\/vc_row][\/vc_section][vc_section full_width=&#8221;stretch_row_content&#8221; css=&#8221;.vc_custom_1755249943269{padding-top: 0px !important;background-color: var(&#8211;porto-primary-color) !important;}&#8221; conditional_render=&#8221;%5B%7B%22value_role%22%3A%22administrator%22%7D%5D&#8221; css_params=&#8221;&#8221;][vc_row content_placement=&#8221;middle&#8221; conditional_render=&#8221;%5B%7B%22value_role%22%3A%22administrator%22%7D%5D&#8221; css_params=&#8221;&#8221;][vc_column width=&#8221;1\/2&#8243; css=&#8221;.vc_custom_1755249890643{padding-top: 200px !important;padding-bottom: 200px !important;background-image: url(https:\/\/juanetsthebarber.es\/wp-content\/uploads\/2025\/08\/barber-4.jpg?id=424) !important;background-position: center !important;background-repeat: no-repeat !important;background-size: cover !important;}&#8221; conditional_render=&#8221;%5B%7B%22value_role%22%3A%22administrator%22%7D%5D&#8221; css_params=&#8221;&#8221;][\/vc_column][vc_column width=&#8221;1\/2&#8243; css=&#8221;.vc_custom_1755261604826{padding-top: 120px !important;padding-right: 80px !important;padding-bottom: 120px !important;padding-left: 80px !important;}&#8221; conditional_render=&#8221;%5B%7B%22value_role%22%3A%22administrator%22%7D%5D&#8221; css_params=&#8221;{&#8220;css_padding_right_xl&#8220;:&#8220;50px&#8220;,&#8220;css_padding_left_xl&#8220;:&#8220;50px&#8220;,&#8220;css_padding_top_lg&#8220;:&#8220;50px&#8220;,&#8220;css_padding_bottom_lg&#8220;:&#8220;50px&#8220;,&#8220;css_padding_right_md&#8220;:&#8220;20px&#8220;,&#8220;css_padding_left_md&#8220;:&#8220;20px&#8220;}&#8221; custom_css_response=&#8221;@media(max-width:porto-xlpx){.vc_custom_1755261604826{padding-right:50px!important;padding-left:50px!important;}}@media(max-width:991px){.vc_custom_1755261604826{padding-top:50px!important;padding-bottom:50px!important;}}@media(max-width:767px){.vc_custom_1755261604826{padding-right:20px!important;padding-left:20px!important;}}&#8221;][vc_custom_heading text=&#8221;Tall de cabell&#8221; font_container=&#8221;tag:h2|text_align:left|color:%23ffffff&#8221; use_theme_fonts=&#8221;yes&#8221; text_transform=&#8221;text-uppercase&#8221; css_params=&#8221;&#8221;][vc_column_text css=&#8221;&#8221; text_color=&#8221;#ffffff&#8221; css_params=&#8221;&#8221;]El tall \u00e9s la nostra carta de presentaci\u00f3 i el tractem com un art. Abans de comen\u00e7ar, analitzem la forma del teu rostre, el tipus de cabell i el teu estil personal per oferir-te una proposta \u00fanica.<br \/>\nJa sigui un tall cl\u00e0ssic amb l\u00ednies netes i elegants, un fade modern amb degradats perfectes o un look urb\u00e0 amb textures marcades, utilitzem t\u00e8cniques actualitzades i eines d&#8217;alta precisi\u00f3 per aconseguir acabats impecables.<br \/>\nA m\u00e9s, apliquem productes de pentinat professionals perqu\u00e8 el teu cabell llueixi com acabat de sortir de la barberia\u2026 fins i tot dies despr\u00e9s.[\/vc_column_text][\/vc_column][\/vc_row][\/vc_section][vc_section full_width=&#8221;stretch_row_content&#8221; css=&#8221;.vc_custom_1755262943843{padding-top: 0px !important;}&#8221; conditional_render=&#8221;%5B%7B%22value_role%22%3A%22administrator%22%7D%5D&#8221; css_params=&#8221;&#8221;][vc_row content_placement=&#8221;middle&#8221; conditional_render=&#8221;%5B%7B%22value_role%22%3A%22administrator%22%7D%5D&#8221; css_params=&#8221;&#8221;][vc_column width=&#8221;1\/2&#8243; css=&#8221;.vc_custom_1755265804787{padding-top: 120px !important;padding-right: 80px !important;padding-bottom: 120px !important;padding-left: 80px !important;}&#8221; conditional_render=&#8221;%5B%7B%22value_role%22%3A%22administrator%22%7D%5D&#8221; css_params=&#8221;{&#8220;css_padding_right_xl&#8220;:&#8220;50px&#8220;,&#8220;css_padding_left_xl&#8220;:&#8220;50px&#8220;,&#8220;css_padding_top_lg&#8220;:&#8220;50px&#8220;,&#8220;css_padding_bottom_lg&#8220;:&#8220;50px&#8220;,&#8220;css_padding_right_md&#8220;:&#8220;20px&#8220;,&#8220;css_padding_left_md&#8220;:&#8220;20px&#8220;}&#8221; custom_css_response=&#8221;@media(max-width:porto-xlpx){.vc_custom_1755265804787{padding-right:50px!important;padding-left:50px!important;}}@media(max-width:991px){.vc_custom_1755265804787{padding-top:50px!important;padding-bottom:50px!important;}}@media(max-width:767px){.vc_custom_1755265804787{padding-right:20px!important;padding-left:20px!important;}}&#8221; el_class=&#8221;mlh_orden_despues&#8221;][vc_custom_heading text=&#8221;Arranjament i afaitat de barba&#8221; use_theme_fonts=&#8221;yes&#8221; text_transform=&#8221;text-uppercase&#8221; css_params=&#8221;&#8221;][vc_column_text css=&#8221;&#8221; css_params=&#8221;&#8221;]La barba \u00e9s part essencial de la teva identitat, i nosaltres sabem com treure&#8217;n el m\u00e0xim profit. El nostre servei inclou:<\/p>\n<ul>\n<li>Retallada i perfilat amb m\u00e0quina i tisora per mantenir la forma ideal.<\/li>\n<li>Definici\u00f3 a navalla per a l\u00ednies m\u00e9s netes i un acabat polit.<\/li>\n<li>Afaitat cl\u00e0ssic amb tovallola calenta i olis espec\u00edfics que suavitzen el p\u00e8l i protegeixen la pell.<\/li>\n<\/ul>\n<p>El resultat: una barba cuidada, sim\u00e8trica i adaptada al teu estil facial, sense irritacions i amb una sensaci\u00f3 de frescor inigualable.[\/vc_column_text][\/vc_column][vc_column width=&#8221;1\/2&#8243; css=&#8221;.vc_custom_1755263904200{padding-top: 200px !important;padding-bottom: 200px !important;background-image: url(https:\/\/juanetsthebarber.es\/wp-content\/uploads\/2025\/08\/barber-5.jpg?id=443) !important;background-position: center !important;background-repeat: no-repeat !important;background-size: cover !important;}&#8221; conditional_render=&#8221;%5B%7B%22value_role%22%3A%22administrator%22%7D%5D&#8221; css_params=&#8221;&#8221; custom_css_response=&#8221;@media(max-width:porto-xlpx){.vc_custom_1755261604826{padding-right:50px!important;padding-left:50px!important;}}@media(max-width:991px){.vc_custom_1755261604826{padding-top:50px!important;padding-bottom:50px!important;}}@media(max-width:767px){.vc_custom_1755261604826{padding-right:20px!important;padding-left:20px!important;}}&#8221;][\/vc_column][\/vc_row][\/vc_section][vc_section full_width=&#8221;stretch_row_content&#8221; css=&#8221;.vc_custom_1755249943269{padding-top: 0px !important;background-color: var(&#8211;porto-primary-color) !important;}&#8221; conditional_render=&#8221;%5B%7B%22value_role%22%3A%22administrator%22%7D%5D&#8221; css_params=&#8221;&#8221;][vc_row content_placement=&#8221;middle&#8221; conditional_render=&#8221;%5B%7B%22value_role%22%3A%22administrator%22%7D%5D&#8221; css_params=&#8221;&#8221;][vc_column width=&#8221;1\/2&#8243; css=&#8221;.vc_custom_1755264615504{padding-top: 200px !important;padding-bottom: 200px !important;background-image: url(https:\/\/juanetsthebarber.es\/wp-content\/uploads\/2025\/08\/barber-7.jpg?id=447) !important;background-position: center !important;background-repeat: no-repeat !important;background-size: cover !important;}&#8221; conditional_render=&#8221;%5B%7B%22value_role%22%3A%22administrator%22%7D%5D&#8221; css_params=&#8221;&#8221;][\/vc_column][vc_column width=&#8221;1\/2&#8243; css=&#8221;.vc_custom_1755261604826{padding-top: 120px !important;padding-right: 80px !important;padding-bottom: 120px !important;padding-left: 80px !important;}&#8221; conditional_render=&#8221;%5B%7B%22value_role%22%3A%22administrator%22%7D%5D&#8221; css_params=&#8221;{&#8220;css_padding_right_xl&#8220;:&#8220;50px&#8220;,&#8220;css_padding_left_xl&#8220;:&#8220;50px&#8220;,&#8220;css_padding_top_lg&#8220;:&#8220;50px&#8220;,&#8220;css_padding_bottom_lg&#8220;:&#8220;50px&#8220;,&#8220;css_padding_right_md&#8220;:&#8220;20px&#8220;,&#8220;css_padding_left_md&#8220;:&#8220;20px&#8220;}&#8221; custom_css_response=&#8221;@media(max-width:porto-xlpx){.vc_custom_1755261604826{padding-right:50px!important;padding-left:50px!important;}}@media(max-width:991px){.vc_custom_1755261604826{padding-top:50px!important;padding-bottom:50px!important;}}@media(max-width:767px){.vc_custom_1755261604826{padding-right:20px!important;padding-left:20px!important;}}&#8221;][vc_custom_heading text=&#8221;Celles a navalla&#8221; font_container=&#8221;tag:h2|text_align:left|color:%23ffffff&#8221; use_theme_fonts=&#8221;yes&#8221; text_transform=&#8221;text-uppercase&#8221; css_params=&#8221;&#8221;][vc_column_text css=&#8221;&#8221; text_color=&#8221;#ffffff&#8221; css_params=&#8221;&#8221;]Un detall que marca la difer\u00e8ncia a la teva imatge. Amb t\u00e8cnica precisa a navalla, definim i ordenem les celles sense perdre&#8217;n l&#8217;aspecte natural i mascul\u00ed.<br \/>\nL&#8217;objectiu no \u00e9s \u201ccanviar\u201d les celles, sin\u00f3 donar-los forma perqu\u00e8 ressaltin la teva mirada i aportin equilibri a la cara. Un servei r\u00e0pid, minuci\u00f3s i amb resultats immediats.[\/vc_column_text][\/vc_column][\/vc_row][\/vc_section][vc_section full_width=&#8221;stretch_row_content&#8221; css=&#8221;.vc_custom_1755262943843{padding-top: 0px !important;}&#8221; conditional_render=&#8221;%5B%7B%22value_role%22%3A%22administrator%22%7D%5D&#8221; css_params=&#8221;&#8221;][vc_row content_placement=&#8221;middle&#8221; conditional_render=&#8221;%5B%7B%22value_role%22%3A%22administrator%22%7D%5D&#8221; css_params=&#8221;&#8221;][vc_column width=&#8221;1\/2&#8243; css=&#8221;.vc_custom_1755265815372{padding-top: 120px !important;padding-right: 80px !important;padding-bottom: 120px !important;padding-left: 80px !important;}&#8221; conditional_render=&#8221;%5B%7B%22value_role%22%3A%22administrator%22%7D%5D&#8221; css_params=&#8221;{&#8220;css_padding_right_xl&#8220;:&#8220;50px&#8220;,&#8220;css_padding_left_xl&#8220;:&#8220;50px&#8220;,&#8220;css_padding_top_lg&#8220;:&#8220;50px&#8220;,&#8220;css_padding_bottom_lg&#8220;:&#8220;50px&#8220;,&#8220;css_padding_right_md&#8220;:&#8220;20px&#8220;,&#8220;css_padding_left_md&#8220;:&#8220;20px&#8220;}&#8221; custom_css_response=&#8221;@media(max-width:porto-xlpx){.vc_custom_1755265815372{padding-right:50px!important;padding-left:50px!important;}}@media(max-width:991px){.vc_custom_1755265815372{padding-top:50px!important;padding-bottom:50px!important;}}@media(max-width:767px){.vc_custom_1755265815372{padding-right:20px!important;padding-left:20px!important;}}&#8221; el_class=&#8221;mlh_orden_despues&#8221;][vc_custom_heading text=&#8221;Metxes&#8221; use_theme_fonts=&#8221;yes&#8221; text_transform=&#8221;text-uppercase&#8221; css_params=&#8221;&#8221;][vc_column_text css=&#8221;&#8221; css_params=&#8221;&#8221;]Les metxes ja no s\u00f3n nom\u00e9s per donar color: s\u00f3n una eina per afegir personalitat i dimensi\u00f3 al teu look.<br \/>\nA Juanets The Barber, adaptem el to i la intensitat al color natural del teu cabell i al teu estil de vida, aconseguint un resultat modern, llumin\u00f3s i ple de car\u00e0cter.<br \/>\nUtilitzem t\u00e8cniques professionals que respecten la salut del teu cabell, evitant danys i assegurant un acabat uniforme i natural.[\/vc_column_text][\/vc_column][vc_column width=&#8221;1\/2&#8243; css=&#8221;.vc_custom_1755264710595{padding-top: 200px !important;padding-bottom: 200px !important;background-image: url(https:\/\/juanetsthebarber.es\/wp-content\/uploads\/2025\/08\/barber-8.jpg?id=449) !important;background-position: center !important;background-repeat: no-repeat !important;background-size: cover !important;}&#8221; conditional_render=&#8221;%5B%7B%22value_role%22%3A%22administrator%22%7D%5D&#8221; css_params=&#8221;&#8221; custom_css_response=&#8221;@media(max-width:porto-xlpx){.vc_custom_1755261604826{padding-right:50px!important;padding-left:50px!important;}}@media(max-width:991px){.vc_custom_1755261604826{padding-top:50px!important;padding-bottom:50px!important;}}@media(max-width:767px){.vc_custom_1755261604826{padding-right:20px!important;padding-left:20px!important;}}&#8221;][\/vc_column][\/vc_row][\/vc_section][vc_section full_width=&#8221;stretch_row_content&#8221; css=&#8221;.vc_custom_1755249943269{padding-top: 0px !important;background-color: var(&#8211;porto-primary-color) !important;}&#8221; conditional_render=&#8221;%5B%7B%22value_role%22%3A%22administrator%22%7D%5D&#8221; css_params=&#8221;&#8221;][vc_row content_placement=&#8221;middle&#8221; conditional_render=&#8221;%5B%7B%22value_role%22%3A%22administrator%22%7D%5D&#8221; css_params=&#8221;&#8221;][vc_column width=&#8221;1\/2&#8243; css=&#8221;.vc_custom_1755264740301{padding-top: 200px !important;padding-bottom: 200px !important;background-image: url(https:\/\/juanetsthebarber.es\/wp-content\/uploads\/2025\/08\/barber-6.jpg?id=445) !important;background-position: center !important;background-repeat: no-repeat !important;background-size: cover !important;}&#8221; conditional_render=&#8221;%5B%7B%22value_role%22%3A%22administrator%22%7D%5D&#8221; css_params=&#8221;&#8221;][\/vc_column][vc_column width=&#8221;1\/2&#8243; css=&#8221;.vc_custom_1755261604826{padding-top: 120px !important;padding-right: 80px !important;padding-bottom: 120px !important;padding-left: 80px !important;}&#8221; conditional_render=&#8221;%5B%7B%22value_role%22%3A%22administrator%22%7D%5D&#8221; css_params=&#8221;{&#8220;css_padding_right_xl&#8220;:&#8220;50px&#8220;,&#8220;css_padding_left_xl&#8220;:&#8220;50px&#8220;,&#8220;css_padding_top_lg&#8220;:&#8220;50px&#8220;,&#8220;css_padding_bottom_lg&#8220;:&#8220;50px&#8220;,&#8220;css_padding_right_md&#8220;:&#8220;20px&#8220;,&#8220;css_padding_left_md&#8220;:&#8220;20px&#8220;}&#8221; custom_css_response=&#8221;@media(max-width:porto-xlpx){.vc_custom_1755261604826{padding-right:50px!important;padding-left:50px!important;}}@media(max-width:991px){.vc_custom_1755261604826{padding-top:50px!important;padding-bottom:50px!important;}}@media(max-width:767px){.vc_custom_1755261604826{padding-right:20px!important;padding-left:20px!important;}}&#8221;][vc_custom_heading text=&#8221;Color complet&#8221; font_container=&#8221;tag:h2|text_align:left|color:%23ffffff&#8221; use_theme_fonts=&#8221;yes&#8221; text_transform=&#8221;text-uppercase&#8221; css_params=&#8221;&#8221;][vc_column_text css=&#8221;&#8221; text_color=&#8221;#ffffff&#8221; css_params=&#8221;&#8221;]Quan voleu un canvi d&#8217;imatge m\u00e9s radical, aquest \u00e9s el vostre servei. Oferim des de tons discrets i elegants fins a colors intensos i atrevits, sempre amb productes de qualitat que protegeixen i nodreixen els cabells.<br \/>\nEl proc\u00e9s inclou una avaluaci\u00f3 pr\u00e8via de l&#8217;estat dels cabells, l&#8217;elecci\u00f3 personalitzada del to i l&#8217;aplicaci\u00f3 experta per garantir un color vibrant, uniforme i durador.<br \/>\nIdeal per cobrir cabells blancs, refrescar el teu to natural o experimentar amb un estil totalment diferent.[\/vc_column_text][\/vc_column][\/vc_row][\/vc_section][vc_section full_width=&#8221;stretch_row&#8221; css=&#8221;.vc_custom_1755249092142{padding-top: 80px !important;padding-bottom: 50px !important;background-color: var(&#8211;porto-tertiary-color) !important;}&#8221; conditional_render=&#8221;%5B%7B%22value_role%22%3A%22administrator%22%7D%5D&#8221; css_params=&#8221;&#8221;][vc_row][vc_column width=&#8221;1\/6&#8243;][\/vc_column][vc_column width=&#8221;4\/6&#8243;][vc_custom_heading text=&#8221;M\u00e9s que un tall \u00e9s una actitud&#8221; font_container=&#8221;tag:h2|font_size:2.8em|text_align:center|line_height:1em&#8221; use_theme_fonts=&#8221;yes&#8221; css=&#8221;.vc_custom_1755250661791{margin-bottom: 15px !important;}&#8221; text_transform=&#8221;text-uppercase&#8221; css_params=&#8221;&#8221;][vc_custom_heading text=&#8221;Demana la teva cita avui i estrena la teva millor versi\u00f3&#8221; font_container=&#8221;tag:h3|text_align:center|color:var(&#8211;porto-secondary-color)&#8221; use_theme_fonts=&#8221;yes&#8221; text_transform=&#8221;text-uppercase&#8221; css_params=&#8221;&#8221;][vc_column_text css=&#8221;.vc_custom_1755249120419{margin-bottom: 40px !important;}&#8221; text_color=&#8221;#0a0a0a&#8221; css_params=&#8221;&#8221;]<\/p>\n<p style=\"text-align: center;\">A Juanets The Barber, cada servei inclou atenci\u00f3 personalitzada, productes de qualitat premium i un ambient on et sentir\u00e0s com a casa. Perqu\u00e8 aqu\u00ed no nom\u00e9s cuidem la teva imatge, cuidem la teva actitud.<\/p>\n<p>[\/vc_column_text][\/vc_column][vc_column width=&#8221;1\/6&#8243;][\/vc_column][\/vc_row][vc_row][vc_column text_align=&#8221;center&#8221; conditional_render=&#8221;%5B%7B%22value_role%22%3A%22administrator%22%7D%5D&#8221; css_params=&#8221;&#8221;][vc_btn title=&#8221;Demanar cita&#8221; link=&#8221;url:http%3A%2F%2Fjuanetsthebarber.booksy.com|target:_blank|&#8221; el_class=&#8221;mlh_btn_inv&#8221; css_params=&#8221;&#8221;][vc_btn title=&#8221;Contactar&#8221; link=&#8221;url:https%3A%2F%2Fjuanetsthebarber.es%2Fca%2F%23contacte&#8221; el_class=&#8221;mlh_btn_inv&#8221; css_params=&#8221;&#8221;][\/vc_column][\/vc_row][\/vc_section]<\/p>\n<\/div>","protected":false},"excerpt":{"rendered":"<p>[vc_section full_width=&#8221;stretch_row&#8221; css=&#8221;.vc_custom_1755360459510{padding-top: 80px !important;padding-bottom: 50px !important;}&#8221; conditional_render=&#8221;%5B%7B%22value_role%22%3A%22administrator%22%7D%5D&#8221; css_params=&#8221;&#8221;][vc_row gap=&#8221;35&#8243; conditional_render=&#8221;%5B%7B%22value_role%22%3A%22administrator%22%7D%5D&#8221; css_params=&#8221;&#8221;][vc_column width=&#8221;1\/6&#8243;][\/vc_column][vc_column width=&#8221;4\/6&#8243;][vc_custom_heading text=&#8221;Juanets The Barber&#8221; font_container=&#8221;tag:h2|font_size:4em|text_align:center|color:%230a0a0a|line_height:1em&#8221; use_theme_fonts=&#8221;yes&#8221; css=&#8221;.vc_custom_1755248981732{margin-bottom: 15px !important;}&#8221; text_transform=&#8221;text-uppercase&#8221; css_params=&#8221;&#8221;][vc_custom_heading text=&#8221;On el look es converteix en llegenda&#8221; font_container=&#8221;tag:h3|text_align:center|color:var(&#8211;porto-secondary-color)&#8221; use_theme_fonts=&#8221;yes&#8221; text_transform=&#8221;text-uppercase&#8221; css_params=&#8221;&#8221;][vc_column_text css=&#8221;.vc_custom_1755360411555{margin-bottom: 40px !important;}&#8221; css_params=&#8221;&#8221;] A Juanets The Barber, cada servei \u00e9s una experi\u00e8ncia de cura personal pensada per ressaltar el [&hellip;]<\/p>\n","protected":false},"author":5,"featured_media":0,"parent":0,"menu_order":0,"comment_status":"closed","ping_status":"closed","template":"","meta":{"_seopress_robots_primary_cat":"","_seopress_titles_title":"%%sitetitle%% %%sep%% %%post_title%%","_seopress_titles_desc":"Talls personalitzats, afaitats cl\u00e0ssics o moderns, celles, rastres i color complet: estil \u00fanic amb assessorament expert.","_seopress_robots_index":"","footnotes":""},"class_list":["post-511","page","type-page","status-publish","hentry"],"_links":{"self":[{"href":"https:\/\/juanetsthebarber.es\/ca\/wp-json\/wp\/v2\/pages\/511","targetHints":{"allow":["GET"]}}],"collection":[{"href":"https:\/\/juanetsthebarber.es\/ca\/wp-json\/wp\/v2\/pages"}],"about":[{"href":"https:\/\/juanetsthebarber.es\/ca\/wp-json\/wp\/v2\/types\/page"}],"author":[{"embeddable":true,"href":"https:\/\/juanetsthebarber.es\/ca\/wp-json\/wp\/v2\/users\/5"}],"replies":[{"embeddable":true,"href":"https:\/\/juanetsthebarber.es\/ca\/wp-json\/wp\/v2\/comments?post=511"}],"version-history":[{"count":2,"href":"https:\/\/juanetsthebarber.es\/ca\/wp-json\/wp\/v2\/pages\/511\/revisions"}],"predecessor-version":[{"id":546,"href":"https:\/\/juanetsthebarber.es\/ca\/wp-json\/wp\/v2\/pages\/511\/revisions\/546"}],"wp:attachment":[{"href":"https:\/\/juanetsthebarber.es\/ca\/wp-json\/wp\/v2\/media?parent=511"}],"curies":[{"name":"wp","href":"https:\/\/api.w.org\/{rel}","templated":true}]}}